{"id":11933,"date":"2019-06-19T16:13:27","date_gmt":"2019-06-19T16:13:27","guid":{"rendered":"https:\/\/www.vivacars.es\/fr\/?page_id=11933"},"modified":"2026-02-05T11:01:40","modified_gmt":"2026-02-05T11:01:40","slug":"cancelaciones-devoluciones-o-modificaciones-de-su-reserva","status":"publish","type":"page","link":"https:\/\/www.vivacars.es\/fr\/cancelaciones-devoluciones-o-modificaciones-de-su-reserva\/","title":{"rendered":"Annulations, remboursements ou modifications de votre r\u00e9servation"},"content":{"rendered":"<h1>Viva Cars<\/h1>\n<p>Toute r\u00e9servation peut \u00eatre annul\u00e9e gratuitement tant qu&#8217;elle n&#8217;a pas \u00e9t\u00e9 pay\u00e9e, \u00e0 condition de nous pr\u00e9venir au moins 48 heures avant la date de r\u00e9servation. Pour ce faire, veuillez envoyer un courriel \u00e0 info@vivacars.es ou appeler le 966 278 817 au moins 48 heures avant la date de r\u00e9servation. Pour modifier votre r\u00e9servation, veuillez contacter notre Centre de r\u00e9servations au m\u00eame num\u00e9ro.<\/p>\n<p>La r\u00e9servation peut \u00eatre modifi\u00e9e autant de fois que n\u00e9cessaire. Selon le type de modification demand\u00e9e, des frais suppl\u00e9mentaires peuvent s&#8217;appliquer. \u2022 Prolongations\u00a0: Le v\u00e9hicule doit \u00eatre livr\u00e9 \u00e0 la date et \u00e0 l&#8217;heure convenues, \u00e0 l&#8217;agence indiqu\u00e9e dans le contrat. Si vous souhaitez prolonger la dur\u00e9e de la location, vous devez effectuer une nouvelle r\u00e9servation, en payant le tarif correspondant et les \u00e9ventuels suppl\u00e9ments. Vous devrez \u00e9galement vous rendre \u00e0 l&#8217;agence AUTOMOVILES JUAN \u2013 VIVA CARS pour signer le nouveau document.<\/p>\n<p>Les contrats ne peuvent \u00eatre prolong\u00e9s par t\u00e9l\u00e9phone ni par aucun autre moyen de communication \u00e9lectronique. Si une nouvelle r\u00e9servation ne peut \u00eatre effectu\u00e9e faute de v\u00e9hicules disponibles ou pour toute autre raison, le v\u00e9hicule doit \u00eatre restitu\u00e9 \u00e0 la date et \u00e0 l&#8217;heure convenues, \u00e0 l&#8217;agence indiqu\u00e9e dans le contrat. Des frais suppl\u00e9mentaires peuvent \u00eatre appliqu\u00e9s en cas de non-respect de cette proc\u00e9dure.<\/p>\n","protected":false},"excerpt":{"rendered":"<p>Viva Cars Toute r\u00e9servation peut \u00eatre annul\u00e9e gratuitement tant qu&#8217;elle n&#8217;a pas \u00e9t\u00e9 pay\u00e9e, \u00e0 condition de nous pr\u00e9venir au moins 48 heures avant la date de r\u00e9servation. Pour ce faire, veuillez envoyer un courriel \u00e0 info@vivacars.es ou appeler le 966 278 817 au moins 48 heures avant la date de r\u00e9servation. Pour modifier votre r\u00e9servation,  [&#8230;]<\/p>\n","protected":false},"author":1,"featured_media":0,"parent":0,"menu_order":0,"comment_status":"closed","ping_status":"closed","template":"","meta":{"_joinchat":[],"footnotes":""},"class_list":["post-11933","page","type-page","status-publish","hentry"],"yoast_head":"<!-- This site is optimized with the Yoast SEO plugin v27.3 - https:\/\/yoast.com\/product\/yoast-seo-wordpress\/ -->\n<title>Annulations, remboursements ou modifications de votre r\u00e9servation - Viva Cars Location de voitures<\/title>\n<meta name=\"robots\" content=\"index, follow, max-snippet:-1, max-image-preview:large, max-video-preview:-1\" \/>\n<link rel=\"canonical\" href=\"https:\/\/www.vivacars.es\/fr\/cancelaciones-devoluciones-o-modificaciones-de-su-reserva\/\" \/>\n<meta property=\"og:locale\" content=\"es_ES\" \/>\n<meta property=\"og:type\" content=\"article\" \/>\n<meta property=\"og:title\" content=\"Annulations, remboursements ou modifications de votre r\u00e9servation - Viva Cars Location de voitures\" \/>\n<meta property=\"og:description\" content=\"Viva Cars Toute r\u00e9servation peut \u00eatre annul\u00e9e gratuitement tant qu&#8217;elle n&#8217;a pas \u00e9t\u00e9 pay\u00e9e, \u00e0 condition de nous pr\u00e9venir au moins 48 heures avant la date de r\u00e9servation. Pour ce faire, veuillez envoyer un courriel \u00e0 info@vivacars.es ou appeler le 966 278 817 au moins 48 heures avant la date de r\u00e9servation. Pour modifier votre r\u00e9servation, [...]\" \/>\n<meta property=\"og:url\" content=\"https:\/\/www.vivacars.es\/fr\/cancelaciones-devoluciones-o-modificaciones-de-su-reserva\/\" \/>\n<meta property=\"og:site_name\" content=\"Viva Cars Location de voitures\" \/>\n<meta property=\"article:modified_time\" content=\"2026-02-05T11:01:40+00:00\" \/>\n<meta name=\"twitter:card\" content=\"summary_large_image\" \/>\n<meta name=\"twitter:label1\" content=\"Tiempo de lectura\" \/>\n\t<meta name=\"twitter:data1\" content=\"1 minuto\" \/>\n<script type=\"application\/ld+json\" class=\"yoast-schema-graph\">{\"@context\":\"https:\\\/\\\/schema.org\",\"@graph\":[{\"@type\":\"WebPage\",\"@id\":\"https:\\\/\\\/www.vivacars.es\\\/fr\\\/cancelaciones-devoluciones-o-modificaciones-de-su-reserva\\\/\",\"url\":\"https:\\\/\\\/www.vivacars.es\\\/fr\\\/cancelaciones-devoluciones-o-modificaciones-de-su-reserva\\\/\",\"name\":\"Annulations, remboursements ou modifications de votre r\u00e9servation - Viva Cars Location de voitures\",\"isPartOf\":{\"@id\":\"https:\\\/\\\/www.vivacars.es\\\/fr\\\/#website\"},\"datePublished\":\"2019-06-19T16:13:27+00:00\",\"dateModified\":\"2026-02-05T11:01:40+00:00\",\"breadcrumb\":{\"@id\":\"https:\\\/\\\/www.vivacars.es\\\/fr\\\/cancelaciones-devoluciones-o-modificaciones-de-su-reserva\\\/#breadcrumb\"},\"inLanguage\":\"es\",\"potentialAction\":[{\"@type\":\"ReadAction\",\"target\":[\"https:\\\/\\\/www.vivacars.es\\\/fr\\\/cancelaciones-devoluciones-o-modificaciones-de-su-reserva\\\/\"]}]},{\"@type\":\"BreadcrumbList\",\"@id\":\"https:\\\/\\\/www.vivacars.es\\\/fr\\\/cancelaciones-devoluciones-o-modificaciones-de-su-reserva\\\/#breadcrumb\",\"itemListElement\":[{\"@type\":\"ListItem\",\"position\":1,\"name\":\"Portada\",\"item\":\"https:\\\/\\\/www.vivacars.es\\\/fr\\\/\"},{\"@type\":\"ListItem\",\"position\":2,\"name\":\"Annulations, remboursements ou modifications de votre r\u00e9servation\"}]},{\"@type\":\"WebSite\",\"@id\":\"https:\\\/\\\/www.vivacars.es\\\/fr\\\/#website\",\"url\":\"https:\\\/\\\/www.vivacars.es\\\/fr\\\/\",\"name\":\"Viva Cars Location de voitures\",\"description\":\"Viva Cars\",\"potentialAction\":[{\"@type\":\"SearchAction\",\"target\":{\"@type\":\"EntryPoint\",\"urlTemplate\":\"https:\\\/\\\/www.vivacars.es\\\/fr\\\/?s={search_term_string}\"},\"query-input\":{\"@type\":\"PropertyValueSpecification\",\"valueRequired\":true,\"valueName\":\"search_term_string\"}}],\"inLanguage\":\"es\"}]}<\/script>\n<!-- \/ Yoast SEO plugin. -->","yoast_head_json":{"title":"Annulations, remboursements ou modifications de votre r\u00e9servation - Viva Cars Location de voitures","robots":{"index":"index","follow":"follow","max-snippet":"max-snippet:-1","max-image-preview":"max-image-preview:large","max-video-preview":"max-video-preview:-1"},"canonical":"https:\/\/www.vivacars.es\/fr\/cancelaciones-devoluciones-o-modificaciones-de-su-reserva\/","og_locale":"es_ES","og_type":"article","og_title":"Annulations, remboursements ou modifications de votre r\u00e9servation - Viva Cars Location de voitures","og_description":"Viva Cars Toute r\u00e9servation peut \u00eatre annul\u00e9e gratuitement tant qu&#8217;elle n&#8217;a pas \u00e9t\u00e9 pay\u00e9e, \u00e0 condition de nous pr\u00e9venir au moins 48 heures avant la date de r\u00e9servation. Pour ce faire, veuillez envoyer un courriel \u00e0 info@vivacars.es ou appeler le 966 278 817 au moins 48 heures avant la date de r\u00e9servation. Pour modifier votre r\u00e9servation, [...]","og_url":"https:\/\/www.vivacars.es\/fr\/cancelaciones-devoluciones-o-modificaciones-de-su-reserva\/","og_site_name":"Viva Cars Location de voitures","article_modified_time":"2026-02-05T11:01:40+00:00","twitter_card":"summary_large_image","twitter_misc":{"Tiempo de lectura":"1 minuto"},"schema":{"@context":"https:\/\/schema.org","@graph":[{"@type":"WebPage","@id":"https:\/\/www.vivacars.es\/fr\/cancelaciones-devoluciones-o-modificaciones-de-su-reserva\/","url":"https:\/\/www.vivacars.es\/fr\/cancelaciones-devoluciones-o-modificaciones-de-su-reserva\/","name":"Annulations, remboursements ou modifications de votre r\u00e9servation - Viva Cars Location de voitures","isPartOf":{"@id":"https:\/\/www.vivacars.es\/fr\/#website"},"datePublished":"2019-06-19T16:13:27+00:00","dateModified":"2026-02-05T11:01:40+00:00","breadcrumb":{"@id":"https:\/\/www.vivacars.es\/fr\/cancelaciones-devoluciones-o-modificaciones-de-su-reserva\/#breadcrumb"},"inLanguage":"es","potentialAction":[{"@type":"ReadAction","target":["https:\/\/www.vivacars.es\/fr\/cancelaciones-devoluciones-o-modificaciones-de-su-reserva\/"]}]},{"@type":"BreadcrumbList","@id":"https:\/\/www.vivacars.es\/fr\/cancelaciones-devoluciones-o-modificaciones-de-su-reserva\/#breadcrumb","itemListElement":[{"@type":"ListItem","position":1,"name":"Portada","item":"https:\/\/www.vivacars.es\/fr\/"},{"@type":"ListItem","position":2,"name":"Annulations, remboursements ou modifications de votre r\u00e9servation"}]},{"@type":"WebSite","@id":"https:\/\/www.vivacars.es\/fr\/#website","url":"https:\/\/www.vivacars.es\/fr\/","name":"Viva Cars Location de voitures","description":"Viva Cars","potentialAction":[{"@type":"SearchAction","target":{"@type":"EntryPoint","urlTemplate":"https:\/\/www.vivacars.es\/fr\/?s={search_term_string}"},"query-input":{"@type":"PropertyValueSpecification","valueRequired":true,"valueName":"search_term_string"}}],"inLanguage":"es"}]}},"_links":{"self":[{"href":"https:\/\/www.vivacars.es\/fr\/wp-json\/wp\/v2\/pages\/11933","targetHints":{"allow":["GET"]}}],"collection":[{"href":"https:\/\/www.vivacars.es\/fr\/wp-json\/wp\/v2\/pages"}],"about":[{"href":"https:\/\/www.vivacars.es\/fr\/wp-json\/wp\/v2\/types\/page"}],"author":[{"embeddable":true,"href":"https:\/\/www.vivacars.es\/fr\/wp-json\/wp\/v2\/users\/1"}],"replies":[{"embeddable":true,"href":"https:\/\/www.vivacars.es\/fr\/wp-json\/wp\/v2\/comments?post=11933"}],"version-history":[{"count":3,"href":"https:\/\/www.vivacars.es\/fr\/wp-json\/wp\/v2\/pages\/11933\/revisions"}],"predecessor-version":[{"id":12245,"href":"https:\/\/www.vivacars.es\/fr\/wp-json\/wp\/v2\/pages\/11933\/revisions\/12245"}],"wp:attachment":[{"href":"https:\/\/www.vivacars.es\/fr\/wp-json\/wp\/v2\/media?parent=11933"}],"curies":[{"name":"wp","href":"https:\/\/api.w.org\/{rel}","templated":true}]}}