{"id":11937,"date":"2019-06-19T16:15:15","date_gmt":"2019-06-19T16:15:15","guid":{"rendered":"https:\/\/www.vivacars.es\/de\/?page_id=11937"},"modified":"2019-09-27T22:36:42","modified_gmt":"2019-09-27T22:36:42","slug":"politica-de-privacidad","status":"publish","type":"page","link":"https:\/\/www.vivacars.es\/de\/politica-de-privacidad\/","title":{"rendered":"Pol\u00edtica de privacidad y protecci\u00f3n de datos"},"content":{"rendered":"\r\n<p><strong>INFORMACION SOBRE LA PRIVACIDAD Y PROTECCI\u00d3N DE DATOS<\/strong><\/p>\r\n<h1 class=\"wp-block-heading\"><strong>Viva Cars<\/strong><\/h1>\r\n<p><strong><br \/>\u00bfQUI\u00c9N ES EL RESPONSABLE DEL TRATAMIENTO DE SUS DATOS?<br \/><br \/><\/strong><\/p>\r\n<ul>\r\n<li>Denominaci\u00f3n social: AUTOMOVILES JUAN S.L.U.<\/li>\r\n<li>Domicilio social: Avenida Diputaci\u00f3n, 18 03710-CALPE (Alicante)<\/li>\r\n<li>C.I.F. n\u00famero B54799630<\/li>\r\n<li>Informaci\u00f3n Mercantil: Registro Mercantil de Alicante, tomo 3791, folio 172, hoja 140979, inscripci\u00f3n 1.<\/li>\r\n<li>Tel\u00e9fono:(+34) 966 278 817<\/li>\r\n<li>Correo electr\u00f3nico: info@rentacarjuancalpe.com<\/li>\r\n<\/ul>\r\n<p>\u00bfCON QU\u00c9 FINALIDAD TRATAMOS SUS DATOS PERSONALES?<\/p>\r\n<p>En AUTOMOVILES JUAN CALPE, S.LU., (en adelante, \u201dAUTOMOVILES JUAN\u201d) tratamos los datos personales que nos facilitan los interesados con la finalidad de mantener, desarrollar y controlar nuestra relaci\u00f3n comercial en el sector del alquiler de veh\u00edculos, lo que incluye la atenci\u00f3n a sus consultas o solicitudes de informaci\u00f3n o documentaci\u00f3n.<\/p>\r\n<p>Igualmente, los datos facilitados tambi\u00e9n ser\u00e1n tratados para remitirle informaci\u00f3n comercial sobre nuestros bienes y servicios, por v\u00eda postal, correo electr\u00f3nico, SMS, o cualquier otro medio de comunicaci\u00f3n electr\u00f3nica equivalente, as\u00ed como para realizar segmentaciones y\/o elaboraci\u00f3n de perfiles con id\u00e9ntica finalidad, distintos de mercadotecnia interna.<\/p>\r\n<p>\u00bfPOR CU\u00c1NTO TIEMPO CONSERVAREMOS SUS DATOS?<\/p>\r\n<p><strong>Informaci\u00f3n sobre su contrato.<\/strong><\/p>\r\n<p>La informaci\u00f3n relativa a su persona ser\u00e1 conservada durante el periodo de vigencia del contrato, mientras no se solicite la supresi\u00f3n de sus datos, durante el plazo de prescripci\u00f3n de las acciones que pudieran surgir en relaci\u00f3n con el presente contrato; as\u00ed como por cualquier reclamaci\u00f3n que pudi\u00e9ramos recibir por parte de organismos oficiales tales como Hacienda y\/o Seguridad Social. En todo caso el plazo m\u00e1ximo de conservaci\u00f3n ser\u00e1 de 5 a\u00f1os desde el momento de la finalizaci\u00f3n del contrato.<\/p>\r\n<p><strong>Informaci\u00f3n para enviarle comunicaciones comerciales<\/strong><\/p>\r\n<p>Los datos personales proporcionados para el env\u00edo de comunicaciones comerciales se seguir\u00e1n conservando una vez finalizada la relaci\u00f3n contractual hasta que Usted no revoque el consentimiento, todo ello sin perjuicio de su derecho de supresi\u00f3n u oposici\u00f3n.<\/p>\r\n<p>\u00bfCU\u00c1L ES LA LEGITIMACI\u00d3N PARA EL TRATAMIENTO DE SUS DATOS?<\/p>\r\n<p>La base legal para el tratamiento de sus datos es la ejecuci\u00f3n de la relaci\u00f3n comercial en la que Usted es parte, de manera que podamos gestionar, desarrollar y controlar la correspondiente relaci\u00f3n contractual en el sector del alquiler de veh\u00edculos. Todos los datos que le solicitamos tienen el car\u00e1cter de obligatorio, por lo que la inobservancia de algunos puede imposibilitar la prestaci\u00f3n de los servicios de alquiler de veh\u00edculos que ofrecemos a trav\u00e9s de nuestra p\u00e1gina web.<\/p>\r\n<p>En relaci\u00f3n con el env\u00edo de comunicaciones comerciales por medios electr\u00f3nicos &#8211; a ra\u00edz de una relaci\u00f3n contractual previa &#8211; la base legal es el inter\u00e9s leg\u00edtimo de AUTOMOVILES JUAN en virtud del art\u00edculo 21.2 de la Ley de Servicios de la Sociedad de la Informaci\u00f3n.<\/p>\r\n<p>En relaci\u00f3n con el env\u00edo de comunicaciones comerciales por cualquier medio, incluidos los electr\u00f3nicos &#8211; al margen de cualquier relaci\u00f3n contractual &#8211; la base legal es el consentimiento que se le solicita y Usted otorga libremente. En caso de no obtener su consentimiento, Rentacarmalaga.com se compromete a no tratar sus datos con fines publicitarios.<\/p>\r\n<p>\u00bfA QU\u00c9 DESTINATARIO SE COMUNICAR\u00c1N SUS DATOS?<\/p>\r\n<p>Vivacars.es no suministrar\u00e1 ning\u00fan dato a terceros, excepto cuando exista obligaci\u00f3n legal de hacerlo.<\/p>\r\n<ul>\r\n<li>A la <strong>Direcci\u00f3n General de Tr\u00e1fico<\/strong> (notificaci\u00f3n de multas) por el art\u00edculo 11.1.a) del Real Decreto Legislativo 6\/2015, de 30 de octubre, por el que se aprueba el texto refundido de la Ley sobre Tr\u00e1fico, Circulaci\u00f3n de Veh\u00edculos a Motor y Seguridad Vial.<\/li>\r\n<li>A la <strong>Entidad aseguradora AXA<\/strong> (gesti\u00f3n del seguro obligatorio de los veh\u00edculos) por el art\u00edculo 2 del Real Decreto Legislativo 8\/2004, de 29 de octubre, por el que se aprueba el texto refundido de la Ley sobre responsabilidad civil y seguro en la circulaci\u00f3n de veh\u00edculos a motor.<\/li>\r\n<li>A las <strong>Fuerzas y Cuerpos de Seguridad del Estado<\/strong>.<\/li>\r\n<li>A <strong>Jueces y Tribunales<\/strong>, en cumplimiento de requerimientos, obligaciones legales o en el marco de un procedimiento judicial;<\/li>\r\n<li>A <strong>entidades bancarias<\/strong>, para la gesti\u00f3n de los cobros y pagos;<\/li>\r\n<li>A la <strong>Agencia Tributaria<\/strong>, para el cumplimiento de las obligaciones fiscales;<\/li>\r\n<li>A <strong>Auditores Financieros<\/strong> para el cumplimiento de las obligaciones financieras;<\/li>\r\n<li>y a <strong>cualesquiera otros terceros<\/strong> a quienes, en virtud de la normativa vigente aplicable en cada caso, sea necesario llevar a cabo la cesi\u00f3n, tal como \u00f3rganos de la Administraci\u00f3n competentes por motivos de control, registro e inspecci\u00f3n.<\/li>\r\n<\/ul>\r\n<p>No obstante, si en alg\u00fan momento de la relaci\u00f3n comercial fuera necesario comunicar sus datos a terceros, dicha comunicaci\u00f3n se realizar\u00e1 cuando Rentacarmalaga.com cuente con su consentimiento previo para ello y en la forma legalmente exigida.<\/p>\r\n<p>Igualmente pueden existir terceras personas que, como consecuencia de servicios prestados a AUTOMOVILES JUAN puedan acceder a sus datos personales;<\/p>\r\n<p>\u00bfEXISTEN TRANSFERENCIAS INTERNACIONALES DE SUS DATOS?<\/p>\r\n<p>No efectuamos ninguna trasferencia internacional de sus datos personales.<\/p>\r\n<p>\u00bfCU\u00c1LES SON SUS DERECHOS CUANDO NOS FACILITAN SUS DATOS?<\/p>\r\n<p>Cualquier persona tiene derecho a obtener confirmaci\u00f3n sobre si en Rentacarmalaga.com estamos tratando datos personales que les conciernan, o no.<\/p>\r\n<p>Las personas interesadas tienen derecho a dirigirse a AUTOMOVILES JUAN CALPE, S.L., al domicilio Avd. Diputaci\u00f3n,18 de 03710-CALPE (ALICANTE) o a la direcci\u00f3n de email <a href=\"mailto:info@rentacarjuancalpe.com\">info@rentacarjuancalpe.com<\/a> (acompa\u00f1ando en cualquier caso copia del documento que acredite su identidad) para acceder a sus datos personales, as\u00ed como solicitar la rectificaci\u00f3n de los datos inexactos o, en su caso, solicitar su supresi\u00f3n cuando, entre otros motivos, los datos ya no sean necesarios para los fines que fueron recogidos; pudiendo ejercer igualmente su derecho a la portabilidad de sus datos.<\/p>\r\n<p>En determinadas circunstancias, los interesados podr\u00e1n solicitar la limitaci\u00f3n del tratamiento de sus datos, en cuyo caso \u00fanicamente los conservaremos para el ejercicio o la defensa de reclamaciones.<\/p>\r\n<p>Igualmente, y por motivos relacionados con su situaci\u00f3n particular, los interesados podr\u00e1n oponerse al tratamiento de sus datos. AUTOMOVILES JUAN dejar\u00e1 de tratar los datos, salvo por motivos leg\u00edtimos imperiosos, o el ejercicio o la defensa de posibles reclamaciones.<\/p>\r\n<p>Finalmente, en los t\u00e9rminos establecidos en la legislaci\u00f3n vigente; podr\u00e1n revocar los consentimientos que nos hayan ido facilitando, teniendo las personas interesadas la posibilidad de presentar una reclamaci\u00f3n ante la Agencia Espa\u00f1ola de Protecci\u00f3n de Datos.<\/p>\r\n<p>CESI\u00d3N A TERCEROS<\/p>\r\n<p>No cedemos datos personales en ning\u00fan caso.<\/p>\r\n<p>CATEGOR\u00cdA DE LOS DATOS<\/p>\r\n<p>Solo solicitamos datos para identificar a los clientes y facturar por los servicios.<\/p>\r\n<p>Los datos que se solicitan son exclusivamente los necesarios con la finalidad mencionada.<\/p>\r\n<p>No realizamos tratamiento de datos que deban de estar especialmente protegidos, pues de hecho, ni siquiera se solicitan. En ning\u00fan momento conocemos los datos de su tarjeta de cr\u00e9dito que solo los maneja el banco en su pasarela de pago.<\/p>\r\n<p>SUBCONTRATACI\u00d3N O CONTRATACI\u00d3N DE SERVICIOS\u00a0<\/p>\r\n<p>Tan solo debe de tener en cuenta que para ofrecerle nuestros servicios podemos subcontratar con otras empresas que, en alg\u00fan momento, pueden ofrecernos servicios que hagan posible que puedan conocer sus datos.<\/p>\r\n<p>Hosting:\u00a0<a href=\"https:\/\/www.promo-up.es\/\" target=\"_blank\" rel=\"noopener noreferrer\">Promo Up<\/a>, que nos proporciona alojamiento para el sitio web principal, y servicio de correo. En este servidor no se alojan datos personales aunque se han tomado las medidas de seguridad adecuadas, como la instalaci\u00f3n de un certificado de seguridad.<\/p>\r\n<p>Reservas:\u00a0<a href=\"http:\/\/www.cargestion.com\/\" target=\"_blank\" rel=\"noopener noreferrer\">Cargesti\u00f3n<\/a>, nos proporciona el sistema de reservas. En su servidor se utiliza tambi\u00e9n certificado de seguridad. Las transacciones de pago se realizan mediante una pasarela de pago de un banco, por lo tanto Cargesti\u00f3n no almacena, ni conoce, en ning\u00fan caso, los datos de las tarjetas de cr\u00e9dito. Tan solo almacenan datos de las reservas.<\/p>\r\n<p>Si nos solicita a Viva Cars que sean eliminados sus datos, nosotros nos encargaremos de que all\u00ed donde puedan estar guardados sea eliminados.<\/p>\r\n<p>SECRETO Y SEGURIDAD DE SUS DATOS<\/p>\r\n<p>Todos los datos personales ser\u00e1n tratados con absoluta confidencialidad. Se utilizar\u00e1n con la exclusiva finalidad de ofrecerle los servicios que aparecen en este sitio web.<\/p>\r\n<p>Nos comprometemos a guardar esos datos y a adoptar las medidas de seguridad necesarias que eviten que puedan alterarse o perderse, o que puedan acceder personas no autorizadas a dichos datos.<\/p>\r\n<p>As\u00ed mismo cualquier persona o empresa que pueda ofrecernos alg\u00fan servicio necesario para que este sitio web funcione, estar\u00e1 bajo la obligaci\u00f3n de confidencialidad.<\/p>\r\n<p>EXACTITUD Y VERACIDAD DE SUS DATOS<\/p>\r\n<p>Cada usuario es responsable de la veracidad de los datos que nos facilitan. En caso de que en esos datos hubiese alg\u00fan error, pueden ponerse en contacto con nosotros para corregirlo.<\/p>\r\n<p>MEDIDAS DE SEGURIDAD<\/p>\r\n<p>Se han puesto en marcha las medidas de seguridad adecuadas, atendiendo a la naturaleza de los datos personales proporcionados, para evitar en la medida de lo posible el acceso no autorizado, la p\u00e9rdida o tratamiento de datos por personas a las que no les corresponda esa actividad.<\/p>\r\n<p>Este sitio web utiliza un certificado de seguridad\u00a0 SSL que permite el env\u00edo seguro, encriptado, de datos personales.<\/p>\r\n<p>REVOCABILIDAD<\/p>\r\n<p>El consentimiento para el tratamiento de sus datos personales es revocable, sin car\u00e1cter retroactivo, en el momento que usted as\u00ed lo considere oportuno para el ejercicio de los derechos ARCO.<\/p>\r\n","protected":false},"excerpt":{"rendered":"<p>INFORMACION SOBRE LA PRIVACIDAD Y PROTECCI\u00d3N DE DATOS Viva Cars \u00bfQUI\u00c9N ES EL RESPONSABLE DEL TRATAMIENTO DE SUS DATOS? Denominaci\u00f3n social: AUTOMOVILES JUAN S.L.U. Domicilio social: Avenida Diputaci\u00f3n, 18 03710-CALPE (Alicante) C.I.F. n\u00famero B54799630 Informaci\u00f3n Mercantil: Registro Mercantil de Alicante, tomo 3791, folio 172, hoja 140979, inscripci\u00f3n 1. Tel\u00e9fono:(+34) 966 278 817 Correo electr\u00f3nico: info@rentacarjuancalpe.com \u00bfCON  [&#8230;]<\/p>\n","protected":false},"author":1,"featured_media":0,"parent":0,"menu_order":0,"comment_status":"closed","ping_status":"closed","template":"","meta":{"_joinchat":[],"footnotes":""},"class_list":["post-11937","page","type-page","status-publish","hentry"],"yoast_head":"<!-- This site is optimized with the Yoast SEO plugin v27.3 - https:\/\/yoast.com\/product\/yoast-seo-wordpress\/ -->\n<title>Pol\u00edtica de privacidad y protecci\u00f3n de datos - Viva Cars Autovermietung<\/title>\n<meta name=\"robots\" content=\"index, follow, max-snippet:-1, max-image-preview:large, max-video-preview:-1\" \/>\n<link rel=\"canonical\" href=\"https:\/\/www.vivacars.es\/de\/politica-de-privacidad\/\" \/>\n<meta property=\"og:locale\" content=\"es_ES\" \/>\n<meta property=\"og:type\" content=\"article\" \/>\n<meta property=\"og:title\" content=\"Pol\u00edtica de privacidad y protecci\u00f3n de datos - Viva Cars Autovermietung\" \/>\n<meta property=\"og:description\" content=\"INFORMACION SOBRE LA PRIVACIDAD Y PROTECCI\u00d3N DE DATOS Viva Cars \u00bfQUI\u00c9N ES EL RESPONSABLE DEL TRATAMIENTO DE SUS DATOS? Denominaci\u00f3n social: AUTOMOVILES JUAN S.L.U. Domicilio social: Avenida Diputaci\u00f3n, 18 03710-CALPE (Alicante) C.I.F. n\u00famero B54799630 Informaci\u00f3n Mercantil: Registro Mercantil de Alicante, tomo 3791, folio 172, hoja 140979, inscripci\u00f3n 1. Tel\u00e9fono:(+34) 966 278 817 Correo electr\u00f3nico: info@rentacarjuancalpe.com \u00bfCON [...]\" \/>\n<meta property=\"og:url\" content=\"https:\/\/www.vivacars.es\/de\/politica-de-privacidad\/\" \/>\n<meta property=\"og:site_name\" content=\"Viva Cars Autovermietung\" \/>\n<meta property=\"article:modified_time\" content=\"2019-09-27T22:36:42+00:00\" \/>\n<meta name=\"twitter:card\" content=\"summary_large_image\" \/>\n<meta name=\"twitter:label1\" content=\"Tiempo de lectura\" \/>\n\t<meta name=\"twitter:data1\" content=\"8 minutos\" \/>\n<script type=\"application\/ld+json\" class=\"yoast-schema-graph\">{\"@context\":\"https:\\\/\\\/schema.org\",\"@graph\":[{\"@type\":\"WebPage\",\"@id\":\"https:\\\/\\\/www.vivacars.es\\\/de\\\/politica-de-privacidad\\\/\",\"url\":\"https:\\\/\\\/www.vivacars.es\\\/de\\\/politica-de-privacidad\\\/\",\"name\":\"Pol\u00edtica de privacidad y protecci\u00f3n de datos - Viva Cars Autovermietung\",\"isPartOf\":{\"@id\":\"https:\\\/\\\/www.vivacars.es\\\/de\\\/#website\"},\"datePublished\":\"2019-06-19T16:15:15+00:00\",\"dateModified\":\"2019-09-27T22:36:42+00:00\",\"breadcrumb\":{\"@id\":\"https:\\\/\\\/www.vivacars.es\\\/de\\\/politica-de-privacidad\\\/#breadcrumb\"},\"inLanguage\":\"es\",\"potentialAction\":[{\"@type\":\"ReadAction\",\"target\":[\"https:\\\/\\\/www.vivacars.es\\\/de\\\/politica-de-privacidad\\\/\"]}]},{\"@type\":\"BreadcrumbList\",\"@id\":\"https:\\\/\\\/www.vivacars.es\\\/de\\\/politica-de-privacidad\\\/#breadcrumb\",\"itemListElement\":[{\"@type\":\"ListItem\",\"position\":1,\"name\":\"Portada\",\"item\":\"https:\\\/\\\/www.vivacars.es\\\/de\\\/\"},{\"@type\":\"ListItem\",\"position\":2,\"name\":\"Pol\u00edtica de privacidad y protecci\u00f3n de datos\"}]},{\"@type\":\"WebSite\",\"@id\":\"https:\\\/\\\/www.vivacars.es\\\/de\\\/#website\",\"url\":\"https:\\\/\\\/www.vivacars.es\\\/de\\\/\",\"name\":\"Viva Cars Autovermietung\",\"description\":\"Viva Cars\",\"potentialAction\":[{\"@type\":\"SearchAction\",\"target\":{\"@type\":\"EntryPoint\",\"urlTemplate\":\"https:\\\/\\\/www.vivacars.es\\\/de\\\/?s={search_term_string}\"},\"query-input\":{\"@type\":\"PropertyValueSpecification\",\"valueRequired\":true,\"valueName\":\"search_term_string\"}}],\"inLanguage\":\"es\"}]}<\/script>\n<!-- \/ Yoast SEO plugin. -->","yoast_head_json":{"title":"Pol\u00edtica de privacidad y protecci\u00f3n de datos - Viva Cars Autovermietung","robots":{"index":"index","follow":"follow","max-snippet":"max-snippet:-1","max-image-preview":"max-image-preview:large","max-video-preview":"max-video-preview:-1"},"canonical":"https:\/\/www.vivacars.es\/de\/politica-de-privacidad\/","og_locale":"es_ES","og_type":"article","og_title":"Pol\u00edtica de privacidad y protecci\u00f3n de datos - Viva Cars Autovermietung","og_description":"INFORMACION SOBRE LA PRIVACIDAD Y PROTECCI\u00d3N DE DATOS Viva Cars \u00bfQUI\u00c9N ES EL RESPONSABLE DEL TRATAMIENTO DE SUS DATOS? Denominaci\u00f3n social: AUTOMOVILES JUAN S.L.U. Domicilio social: Avenida Diputaci\u00f3n, 18 03710-CALPE (Alicante) C.I.F. n\u00famero B54799630 Informaci\u00f3n Mercantil: Registro Mercantil de Alicante, tomo 3791, folio 172, hoja 140979, inscripci\u00f3n 1. Tel\u00e9fono:(+34) 966 278 817 Correo electr\u00f3nico: info@rentacarjuancalpe.com \u00bfCON [...]","og_url":"https:\/\/www.vivacars.es\/de\/politica-de-privacidad\/","og_site_name":"Viva Cars Autovermietung","article_modified_time":"2019-09-27T22:36:42+00:00","twitter_card":"summary_large_image","twitter_misc":{"Tiempo de lectura":"8 minutos"},"schema":{"@context":"https:\/\/schema.org","@graph":[{"@type":"WebPage","@id":"https:\/\/www.vivacars.es\/de\/politica-de-privacidad\/","url":"https:\/\/www.vivacars.es\/de\/politica-de-privacidad\/","name":"Pol\u00edtica de privacidad y protecci\u00f3n de datos - Viva Cars Autovermietung","isPartOf":{"@id":"https:\/\/www.vivacars.es\/de\/#website"},"datePublished":"2019-06-19T16:15:15+00:00","dateModified":"2019-09-27T22:36:42+00:00","breadcrumb":{"@id":"https:\/\/www.vivacars.es\/de\/politica-de-privacidad\/#breadcrumb"},"inLanguage":"es","potentialAction":[{"@type":"ReadAction","target":["https:\/\/www.vivacars.es\/de\/politica-de-privacidad\/"]}]},{"@type":"BreadcrumbList","@id":"https:\/\/www.vivacars.es\/de\/politica-de-privacidad\/#breadcrumb","itemListElement":[{"@type":"ListItem","position":1,"name":"Portada","item":"https:\/\/www.vivacars.es\/de\/"},{"@type":"ListItem","position":2,"name":"Pol\u00edtica de privacidad y protecci\u00f3n de datos"}]},{"@type":"WebSite","@id":"https:\/\/www.vivacars.es\/de\/#website","url":"https:\/\/www.vivacars.es\/de\/","name":"Viva Cars Autovermietung","description":"Viva Cars","potentialAction":[{"@type":"SearchAction","target":{"@type":"EntryPoint","urlTemplate":"https:\/\/www.vivacars.es\/de\/?s={search_term_string}"},"query-input":{"@type":"PropertyValueSpecification","valueRequired":true,"valueName":"search_term_string"}}],"inLanguage":"es"}]}},"_links":{"self":[{"href":"https:\/\/www.vivacars.es\/de\/wp-json\/wp\/v2\/pages\/11937","targetHints":{"allow":["GET"]}}],"collection":[{"href":"https:\/\/www.vivacars.es\/de\/wp-json\/wp\/v2\/pages"}],"about":[{"href":"https:\/\/www.vivacars.es\/de\/wp-json\/wp\/v2\/types\/page"}],"author":[{"embeddable":true,"href":"https:\/\/www.vivacars.es\/de\/wp-json\/wp\/v2\/users\/1"}],"replies":[{"embeddable":true,"href":"https:\/\/www.vivacars.es\/de\/wp-json\/wp\/v2\/comments?post=11937"}],"version-history":[{"count":0,"href":"https:\/\/www.vivacars.es\/de\/wp-json\/wp\/v2\/pages\/11937\/revisions"}],"wp:attachment":[{"href":"https:\/\/www.vivacars.es\/de\/wp-json\/wp\/v2\/media?parent=11937"}],"curies":[{"name":"wp","href":"https:\/\/api.w.org\/{rel}","templated":true}]}}