{"id":11935,"date":"2019-06-19T16:14:25","date_gmt":"2019-06-19T16:14:25","guid":{"rendered":"https:\/\/www.vivacars.es\/de\/?page_id=11935"},"modified":"2019-09-27T22:36:42","modified_gmt":"2019-09-27T22:36:42","slug":"seguridad-proteccion-a-compradores","status":"publish","type":"page","link":"https:\/\/www.vivacars.es\/de\/seguridad-proteccion-a-compradores\/","title":{"rendered":"Seguridad protecci\u00f3n a compradores"},"content":{"rendered":"<h1>Viva Cars<\/h1>\n<p class=\"m_-3792152984780584255ydp679cc706MsoNormal\">1. INFORMACI\u00d3N LEGAL Y ACEPTACI\u00d3N<\/p>\n<p class=\"m_-3792152984780584255ydp679cc706MsoNormal\">Las presentes disposiciones regulan el uso del servicio del portal de Internet (en adelante, el &#8216;Portal&#8217;) que AUTOMOVILES JUAN CALPE, S.L.U. (en adelante, AUTOMOVILES JUAN) pone a disposici\u00f3n de los usuarios de Internet.<\/p>\n<p class=\"m_-3792152984780584255ydp679cc706MsoNormal\">AUTOMOVILES JUAN CALPE, S.L.U. con domicilio social en Avd. Diputaci\u00f3n, 18 de 03710-CALPE (Alicante) y C.I.F. n\u00famero B54799630 est\u00e1 inscrita en el Registro Mercantil de Alicante, tomo 3791, folio 172, hoja 140979, inscripci\u00f3n 1.<\/p>\n<p class=\"m_-3792152984780584255ydp679cc706MsoNormal\">El acceso a la p\u00e1gina web es gratuito salvo en lo relativo al coste de la conexi\u00f3n a trav\u00e9s de la red de telecomunicaciones suministrada por el proveedor de acceso contratado por los usuarios. Determinados servicios son exclusivos para nuestros clientes y su acceso se encuentra restringido, pudiendo establecerse condiciones particulares, reglamentos e instrucciones que, en su caso, sustituyen, completan y\/o modifican el presente Aviso Legal y que deber\u00e1n ser aceptadas por el Usuario antes de iniciarse la prestaci\u00f3n del servicio correspondiente.<br \/>\nLos servicios que presta AUTOMOVILES JUAN tendr\u00e1n el precio que, en su caso, se indique en cada una de las ofertas comerciales que esta entidad ponga a disposici\u00f3n de sus clientes y\/o potenciales clientes. La utilizaci\u00f3n de estos servicios ofrecidos a los Usuarios a trav\u00e9s del Portal se encuentra sometida a condiciones particulares propias (en adelante, las \u201c<b>Condiciones Particulares<\/b>\u201d) que, seg\u00fan los casos, sustituyen, completan y\/o modifican el presente aviso legal. Por tanto, con anterioridad a la utilizaci\u00f3n de dichos servicios, el Usuario tambi\u00e9n ha de leer atentamente las correspondientes <b>Condiciones Particulares<\/b>.<br \/>\nLa utilizaci\u00f3n del Portal atribuye la condici\u00f3n de usuario del Portal (en adelante, el &#8216;Usuario&#8217;) e implica la aceptaci\u00f3n de todas las condiciones incluidas en este Aviso Legal. La prestaci\u00f3n del servicio del Portal tiene una duraci\u00f3n limitada al momento en el que el Usuario se encuentre conectado al mismo o a alguno de los servicios que a trav\u00e9s del mismo se facilitan. Por tanto, el Usuario debe leer atentamente el presente Aviso Legal en cada una de las ocasiones en que se proponga utilizar el Portal, ya que \u00e9ste y sus condiciones de uso pueden sufrir modificaciones.<\/p>\n<p class=\"m_-3792152984780584255ydp679cc706MsoNormal\">2. PROPIEDAD INTELECTUAL E INDUSTRIAL<\/p>\n<p class=\"m_-3792152984780584255ydp679cc706MsoNormal\">Todos los contenidos del Portal, entendiendo por estos a t\u00edtulo meramente enunciativo los textos, fotograf\u00edas, gr\u00e1ficos, im\u00e1genes, iconos, tecnolog\u00eda, software, links y dem\u00e1s contenidos audiovisuales o sonoros, as\u00ed como su dise\u00f1o gr\u00e1fico y c\u00f3digos fuente (en adelante, los <b>\u201cContenidos\u201d<\/b>), son propiedad intelectual de AUTOMOVILES JUAN o de terceros, sin que puedan entenderse cedidos al Usuario ninguno de los derechos de explotaci\u00f3n reconocidos por la normativa vigente en materia de propiedad intelectual sobre los mismos, salvo aquellos que resulten estrictamente necesario para el uso del Portal.<\/p>\n<p class=\"m_-3792152984780584255ydp679cc706MsoNormal\">Las marcas, nombres comerciales o signos distintivos son titularidad de AUTOMOVILES JUAN o terceros, sin que pueda entenderse que el acceso al Portal atribuya ning\u00fan derecho sobre las citadas marcas, nombres comerciales y\/o signos distintivos.<\/p>\n<p class=\"m_-3792152984780584255ydp679cc706MsoNormal\">3. CONDICIONES DE USO DEL PORTAL<\/p>\n<p class=\"m_-3792152984780584255ydp679cc706MsoNormal\"><b>3.1 General<\/b><\/p>\n<p class=\"m_-3792152984780584255ydp679cc706MsoNormal\">El Usuario se obliga a hacer un uso correcto del Portal de conformidad con la Ley y el presente Aviso Legal. El Usuario responder\u00e1 frente a AUTOMOVILES JUAN o frente a terceros, de cualesquiera da\u00f1os y perjuicios que pudieran causarse como consecuencia del incumplimiento de dicha obligaci\u00f3n.<\/p>\n<p class=\"m_-3792152984780584255ydp679cc706MsoNormal\">Queda expresamente prohibido el uso del Portal con fines lesivos de bienes o intereses de AUTOMOVILES JUAN o de terceros o que de cualquier otra forma sobrecarguen, da\u00f1en o inutilicen las redes, servidores y dem\u00e1s equipos inform\u00e1ticos (hardware) o productos y aplicaciones inform\u00e1ticas (software) de AUTOMOVILES JUAN o de terceros.<\/p>\n<p class=\"m_-3792152984780584255ydp679cc706MsoNormal\"><b>3.2 Contenidos.<\/b><\/p>\n<p class=\"m_-3792152984780584255ydp679cc706MsoNormal\">El Usuario se compromete a utilizar los Contenidos de conformidad con la Ley y el presente Aviso Legal, as\u00ed como con las dem\u00e1s condiciones, reglamentos e instrucciones que en su caso pudieran ser de aplicaci\u00f3n de conformidad con lo dispuesto en la cl\u00e1usula 1 \u2013condiciones particulares-.<\/p>\n<p class=\"m_-3792152984780584255ydp679cc706MsoNormal\">Con car\u00e1cter meramente enunciativo, el Usuario de acuerdo con la legislaci\u00f3n vigente deber\u00e1 abstenerse de:<\/p>\n<p class=\"m_-3792152984780584255ydp679cc706MsoNormal\">Reproducir, copiar, distribuir, poner a disposici\u00f3n, comunicar p\u00fablicamente, transformar o modificar los Contenidos salvo en los casos autorizados en la ley o expresamente consentidos por AUTOMOVILES JUAN o por quien ostente la titularidad de los derechos de explotaci\u00f3n en su caso.<\/p>\n<p class=\"m_-3792152984780584255ydp679cc706MsoNormal\">Reproducir o copiar para uso privado los Contenidos que puedan ser considerados como Software o Base de Datos de conformidad con la legislaci\u00f3n vigente en materia de propiedad intelectual, as\u00ed como su comunicaci\u00f3n p\u00fablica o puesta a disposici\u00f3n de terceros cuando estos actos impliquen necesariamente la reproducci\u00f3n por parte del Usuario o de un tercero.<br \/>\nExtraer y\/o reutilizar la totalidad o una parte sustancial de los Contenidos integrantes del Portal as\u00ed como de las bases de datos que AUTOMOVILES JUAN ponga a disposici\u00f3n de los Usuarios.<\/p>\n<p class=\"m_-3792152984780584255ydp679cc706MsoNormal\"><b>3.3 Introducci\u00f3n de enlaces al Portal.<\/b><\/p>\n<p class=\"m_-3792152984780584255ydp679cc706MsoNormal\">El usuario de Internet que quiera introducir enlaces desde sus propias p\u00e1ginas web al Portal deber\u00e1 cumplir con las condiciones que se detallan a continuaci\u00f3n sin que el desconocimiento de las mismas evite las responsabilidades derivadas de la Ley:<\/p>\n<p class=\"m_-3792152984780584255ydp679cc706MsoNormal\">Quedar\u00e1 en todo caso prohibido, salvo autorizaci\u00f3n expresa de AUTOMOVILES JUAN, de acuerdo con la legislaci\u00f3n aplicable y vigente en cada momento, establecer iframes o marcos de cualquier tipo que envuelvan al Portal o permitan la visualizaci\u00f3n de los Contenidos a trav\u00e9s de direcciones de Internet distintas a las del Portal y, en cualquier caso, cuando se visualicen conjuntamente con contenidos ajenos al Portal de forma que: (I) produzca, o pueda producir, error, confusi\u00f3n o enga\u00f1o en los usuarios sobre la verdadera procedencia del servicio o Contenidos; (II) suponga un acto de comparaci\u00f3n o imitaci\u00f3n desleal; (III) sirva para aprovechar la reputaci\u00f3n de la marca y prestigio de AUTOMOVILES JUAN; o (IV) de cualquier otra forma resulte prohibido por la legislaci\u00f3n vigente.<\/p>\n<p class=\"m_-3792152984780584255ydp679cc706MsoNormal\">No se realizar\u00e1n desde la p\u00e1gina que introduce el enlace ning\u00fan tipo de manifestaci\u00f3n falsa, inexacta o incorrecta sobre AUTOMOVILES JUAN, sus socios, empleados, clientes o sobre la calidad de los servicios que presta.<\/p>\n<p class=\"m_-3792152984780584255ydp679cc706MsoNormal\">En ning\u00fan caso, salvo autorizaci\u00f3n expresa de AUTOMOVILES JUAN, se expresar\u00e1 en la p\u00e1gina donde se ubique el enlace que AUTOMOVILES JUAN ha prestado su consentimiento para la inserci\u00f3n del enlace o que de otra forma patrocina, colabora, verifica o supervisa los servicios del remitente.<\/p>\n<p class=\"m_-3792152984780584255ydp679cc706MsoNormal\">Est\u00e1 prohibida la utilizaci\u00f3n de cualquier marca denominativa, gr\u00e1fica o mixta o cualquier otro signo distintivo de AUTOMOVILES JUAN dentro de la p\u00e1gina del remitente salvo en los casos permitidos por la ley o expresamente autorizados por AUTOMOVILES JUAN y siempre que se permita, en estos casos, un enlace directo con el Portal en la forma establecida en esta cl\u00e1usula.<br \/>\nLa p\u00e1gina que establezca el enlace deber\u00e1 cumplir fielmente con la ley y no podr\u00e1 en ning\u00fan caso disponer o enlazar con contenidos propios o de terceros que: (I) sean il\u00edcitos, nocivos o contrarios a la moral y a las buenas costumbres (pornogr\u00e1ficos, violentos, racistas, etc.); (II) induzcan o puedan inducir en el Usuario la falsa concepci\u00f3n de que AUTOMOVILES JUAN suscribe, respalda, se adhiere o de cualquier manera apoya, las ideas, manifestaciones o expresiones, l\u00edcitas o il\u00edcitas, del remitente; (III) resulten inapropiados o no pertinentes con la actividad de AUTOMOVILES JUAN en atenci\u00f3n al lugar, contenidos y tem\u00e1tica de la p\u00e1gina web del remitente.<\/p>\n<p class=\"m_-3792152984780584255ydp679cc706MsoNormal\">4. EXCLUSI\u00d3N DE RESPONSABILIDAD<\/p>\n<p class=\"m_-3792152984780584255ydp679cc706MsoNormal\"><b>4.1 De la calidad del servicio.<\/b><\/p>\n<p class=\"m_-3792152984780584255ydp679cc706MsoNormal\">El acceso al Portal no implica la obligaci\u00f3n por parte de AUTOMOVILES JUAN de controlar la ausencia de virus, gusanos o cualquier otro elemento inform\u00e1tico da\u00f1ino. Corresponde al Usuario, en todo caso, la disponibilidad de herramientas adecuadas para la detecci\u00f3n y desinfecci\u00f3n de programas inform\u00e1ticos da\u00f1inos.<\/p>\n<p class=\"m_-3792152984780584255ydp679cc706MsoNormal\">AUTOMOVILES JUAN no se responsabiliza de los da\u00f1os producidos en los equipos inform\u00e1ticos de los Usuarios o de terceros durante la prestaci\u00f3n del servicio del Portal.<\/p>\n<p class=\"m_-3792152984780584255ydp679cc706MsoNormal\"><b>4.2 De la disponibilidad del Servicio.<\/b><\/p>\n<p class=\"m_-3792152984780584255ydp679cc706MsoNormal\">El acceso al Portal requiere de servicios y suministros de terceros, incluidos el transporte a trav\u00e9s de redes de telecomunicaciones cuya fiabilidad, calidad, continuidad y funcionamiento no corresponde a AUTOMOVILES JUAN. Por consiguiente, los servicios prove\u00eddos a trav\u00e9s del Portal pueden ser suspendidos, cancelados o resultar inaccesibles, con car\u00e1cter previo o simult\u00e1neo a la prestaci\u00f3n del servicio del Portal.<\/p>\n<p class=\"m_-3792152984780584255ydp679cc706MsoNormal\">AUTOM,OVILES JUAN no se responsabiliza de los da\u00f1os o perjuicios de cualquier tipo producidos en el Usuario que traigan causa de fallos o desconexiones en las redes de telecomunicaciones que produzcan la suspensi\u00f3n, cancelaci\u00f3n o interrupci\u00f3n del servicio del Portal durante la prestaci\u00f3n del mismo o con car\u00e1cter previo.<\/p>\n<p class=\"m_-3792152984780584255ydp679cc706MsoNormal\"><b>4.3 De los contenidos y servicios enlazados a trav\u00e9s del Portal.<\/b><\/p>\n<p class=\"m_-3792152984780584255ydp679cc706MsoNormal\">El servicio de acceso al Portal incluye dispositivos t\u00e9cnicos de enlace, directorios e incluso instrumentos de b\u00fasqueda que permiten al Usuario acceder a otras p\u00e1ginas y portales de Internet (en adelante, &#8216;Sitios Enlazados&#8217;). En estos casos, AUTOMOVILES JUAN act\u00faa como prestador de servicios de intermediaci\u00f3n de conformidad con el art\u00edculo 17 de la Ley 34\/2002, de 12 de julio, de Servicios de la Sociedad de la Informaci\u00f3n y el Comercio Electr\u00f3nico (LSSI) y s\u00f3lo ser\u00e1 responsable de los contenidos y servicios suministrados en los Sitios Enlazados en la medida en que tenga conocimiento efectivo de la ilicitud y no haya desactivado el enlace con la diligencia debida. En el supuesto de que el Usuario considere que existe un Sitio Enlazado con contenidos il\u00edcitos o inadecuados podr\u00e1 comunic\u00e1rselo a AUTOMOVILES JUAN de acuerdo con el procedimiento y los efectos establecidos en la cl\u00e1usula 5, sin que en ning\u00fan caso esta comunicaci\u00f3n conlleve la obligaci\u00f3n de retirar el correspondiente enlace.<\/p>\n<p class=\"m_-3792152984780584255ydp679cc706MsoNormal\">En ning\u00fan caso, la existencia de Sitios Enlazados debe presuponer la existencia de acuerdos con los responsables o titulares de los mismos, ni la recomendaci\u00f3n, promoci\u00f3n o identificaci\u00f3n de AUTOMOVILES JUAN con las manifestaciones, contenidos o servicios provistos.<\/p>\n<p class=\"m_-3792152984780584255ydp679cc706MsoNormal\">AUTOMOVILES JUAN no conoce los contenidos y servicios de los Sitios Enlazados y por tanto no se hace responsable por los da\u00f1os producidos por la ilicitud, calidad, desactualizaci\u00f3n, indisponibilidad, error e inutilidad de los contenidos y\/o servicios de los Sitios Enlazados ni por cualquier otro da\u00f1o que no sea directamente imputable a AUTOMOVILES JUAN.<\/p>\n<p class=\"m_-3792152984780584255ydp679cc706MsoNormal\">5. COMUNICACI\u00d3N DE ACTIVIDADES DE CAR\u00c1CTER IL\u00cdCITO E INADECUADO<\/p>\n<p class=\"m_-3792152984780584255ydp679cc706MsoNormal\">En el caso de que el Usuario o cualquier otro usuario de Internet tuviera conocimiento de que los Sitios Enlazados remiten a p\u00e1ginas cuyos contenidos o servicios son il\u00edcitos, nocivos, denigrantes, violentos o contrarios a la moral; o que alguna de la informaci\u00f3n incluida por los propios Usuarios, a trav\u00e9s de los servicios ofrecidos en el Portal, tienen una consideraci\u00f3n igual a la descrita anteriormente, Ud. podr\u00e1 ponerse en contacto con <a href=\"mailto:carhire@rentacarmalaga.com\" target=\"_blank\" rel=\"noopener noreferrer\">carhire@rentacarmalaga.com<\/a> indicando los siguientes extremos:<\/p>\n<p class=\"m_-3792152984780584255ydp679cc706MsoNormal\">&#8211; Datos personales del comunicante: nombre, direcci\u00f3n, n\u00famero de tel\u00e9fono y direcci\u00f3n de correo electr\u00f3nico;<\/p>\n<p class=\"m_-3792152984780584255ydp679cc706MsoNormal\">&#8211; Descripci\u00f3n de los hechos que revelan el car\u00e1cter il\u00edcito o inadecuado del Sitio Enlazado;<\/p>\n<p class=\"m_-3792152984780584255ydp679cc706MsoNormal\">&#8211; En el supuesto de violaci\u00f3n de derechos, tales como propiedad intelectual e industrial, los datos personales del titular del derecho infringido cuando sea persona distinta del comunicante. Asimismo deber\u00e1 aportar el t\u00edtulo que acredite la legitimaci\u00f3n del titular de los derechos y, en su caso, el de representaci\u00f3n para actuar por cuenta del titular cuando sea persona distinta del comunicante;<\/p>\n<p class=\"m_-3792152984780584255ydp679cc706MsoNormal\">&#8211; Declaraci\u00f3n expresa de que la informaci\u00f3n contenida en la reclamaci\u00f3n es exacta.<\/p>\n<p class=\"m_-3792152984780584255ydp679cc706MsoNormal\">La recepci\u00f3n por parte de AUTOMOVILES JUAN de la comunicaci\u00f3n prevista en esta cl\u00e1usula no supondr\u00e1, seg\u00fan lo dispuesto en la LSSI, el conocimiento efectivo de las actividades y\/o contenidos indicados por el comunicante.<\/p>\n<p class=\"m_-3792152984780584255ydp679cc706MsoNormal\">Asimismo deber\u00e1 aportar el t\u00edtulo que acredite la legitimaci\u00f3n del titular de los derechos y, en su caso, el de representaci\u00f3n para actuar por cuenta del titular cuando sea persona distinta del comunicante; Declaraci\u00f3n expresa de que la informaci\u00f3n contenida en la reclamaci\u00f3n es exacta.<\/p>\n<p class=\"m_-3792152984780584255ydp679cc706MsoNormal\">La recepci\u00f3n por parte de AUTOMOVILES JUAN de la comunicaci\u00f3n prevista en esta cl\u00e1usula no supondr\u00e1, seg\u00fan lo dispuesto en la LSSI, el conocimiento efectivo de las actividades y\/o contenidos indicados por el comunicante.<\/p>\n<p class=\"m_-3792152984780584255ydp679cc706MsoNormal\">6. LEGISLACI\u00d3N<\/p>\n<p class=\"m_-3792152984780584255ydp679cc706MsoNormal\">El presente Aviso Legal se rige en todos y cada uno de sus extremos por la ley espa\u00f1ola.<\/p>\n","protected":false},"excerpt":{"rendered":"<p>Viva Cars 1. INFORMACI\u00d3N LEGAL Y ACEPTACI\u00d3N Las presentes disposiciones regulan el uso del servicio del portal de Internet (en adelante, el &#8216;Portal&#8217;) que AUTOMOVILES JUAN CALPE, S.L.U. (en adelante, AUTOMOVILES JUAN) pone a disposici\u00f3n de los usuarios de Internet. AUTOMOVILES JUAN CALPE, S.L.U. con domicilio social en Avd. Diputaci\u00f3n, 18 de 03710-CALPE (Alicante) y C.I.F.  [&#8230;]<\/p>\n","protected":false},"author":1,"featured_media":0,"parent":0,"menu_order":0,"comment_status":"closed","ping_status":"closed","template":"","meta":{"_joinchat":[],"footnotes":""},"class_list":["post-11935","page","type-page","status-publish","hentry"],"yoast_head":"<!-- This site is optimized with the Yoast SEO plugin v27.3 - https:\/\/yoast.com\/product\/yoast-seo-wordpress\/ -->\n<title>Seguridad protecci\u00f3n a compradores - Viva Cars Autovermietung<\/title>\n<meta name=\"robots\" content=\"index, follow, max-snippet:-1, max-image-preview:large, max-video-preview:-1\" \/>\n<link rel=\"canonical\" href=\"https:\/\/www.vivacars.es\/de\/seguridad-proteccion-a-compradores\/\" \/>\n<meta property=\"og:locale\" content=\"es_ES\" \/>\n<meta property=\"og:type\" content=\"article\" \/>\n<meta property=\"og:title\" content=\"Seguridad protecci\u00f3n a compradores - Viva Cars Autovermietung\" \/>\n<meta property=\"og:description\" content=\"Viva Cars 1. INFORMACI\u00d3N LEGAL Y ACEPTACI\u00d3N Las presentes disposiciones regulan el uso del servicio del portal de Internet (en adelante, el &#8216;Portal&#8217;) que AUTOMOVILES JUAN CALPE, S.L.U. (en adelante, AUTOMOVILES JUAN) pone a disposici\u00f3n de los usuarios de Internet. AUTOMOVILES JUAN CALPE, S.L.U. con domicilio social en Avd. Diputaci\u00f3n, 18 de 03710-CALPE (Alicante) y C.I.F. [...]\" \/>\n<meta property=\"og:url\" content=\"https:\/\/www.vivacars.es\/de\/seguridad-proteccion-a-compradores\/\" \/>\n<meta property=\"og:site_name\" content=\"Viva Cars Autovermietung\" \/>\n<meta property=\"article:modified_time\" content=\"2019-09-27T22:36:42+00:00\" \/>\n<meta name=\"twitter:card\" content=\"summary_large_image\" \/>\n<meta name=\"twitter:label1\" content=\"Tiempo de lectura\" \/>\n\t<meta name=\"twitter:data1\" content=\"11 minutos\" \/>\n<script type=\"application\/ld+json\" class=\"yoast-schema-graph\">{\"@context\":\"https:\\\/\\\/schema.org\",\"@graph\":[{\"@type\":\"WebPage\",\"@id\":\"https:\\\/\\\/www.vivacars.es\\\/de\\\/seguridad-proteccion-a-compradores\\\/\",\"url\":\"https:\\\/\\\/www.vivacars.es\\\/de\\\/seguridad-proteccion-a-compradores\\\/\",\"name\":\"Seguridad protecci\u00f3n a compradores - Viva Cars Autovermietung\",\"isPartOf\":{\"@id\":\"https:\\\/\\\/www.vivacars.es\\\/de\\\/#website\"},\"datePublished\":\"2019-06-19T16:14:25+00:00\",\"dateModified\":\"2019-09-27T22:36:42+00:00\",\"breadcrumb\":{\"@id\":\"https:\\\/\\\/www.vivacars.es\\\/de\\\/seguridad-proteccion-a-compradores\\\/#breadcrumb\"},\"inLanguage\":\"es\",\"potentialAction\":[{\"@type\":\"ReadAction\",\"target\":[\"https:\\\/\\\/www.vivacars.es\\\/de\\\/seguridad-proteccion-a-compradores\\\/\"]}]},{\"@type\":\"BreadcrumbList\",\"@id\":\"https:\\\/\\\/www.vivacars.es\\\/de\\\/seguridad-proteccion-a-compradores\\\/#breadcrumb\",\"itemListElement\":[{\"@type\":\"ListItem\",\"position\":1,\"name\":\"Portada\",\"item\":\"https:\\\/\\\/www.vivacars.es\\\/de\\\/\"},{\"@type\":\"ListItem\",\"position\":2,\"name\":\"Seguridad protecci\u00f3n a compradores\"}]},{\"@type\":\"WebSite\",\"@id\":\"https:\\\/\\\/www.vivacars.es\\\/de\\\/#website\",\"url\":\"https:\\\/\\\/www.vivacars.es\\\/de\\\/\",\"name\":\"Viva Cars Autovermietung\",\"description\":\"Viva Cars\",\"potentialAction\":[{\"@type\":\"SearchAction\",\"target\":{\"@type\":\"EntryPoint\",\"urlTemplate\":\"https:\\\/\\\/www.vivacars.es\\\/de\\\/?s={search_term_string}\"},\"query-input\":{\"@type\":\"PropertyValueSpecification\",\"valueRequired\":true,\"valueName\":\"search_term_string\"}}],\"inLanguage\":\"es\"}]}<\/script>\n<!-- \/ Yoast SEO plugin. -->","yoast_head_json":{"title":"Seguridad protecci\u00f3n a compradores - Viva Cars Autovermietung","robots":{"index":"index","follow":"follow","max-snippet":"max-snippet:-1","max-image-preview":"max-image-preview:large","max-video-preview":"max-video-preview:-1"},"canonical":"https:\/\/www.vivacars.es\/de\/seguridad-proteccion-a-compradores\/","og_locale":"es_ES","og_type":"article","og_title":"Seguridad protecci\u00f3n a compradores - Viva Cars Autovermietung","og_description":"Viva Cars 1. INFORMACI\u00d3N LEGAL Y ACEPTACI\u00d3N Las presentes disposiciones regulan el uso del servicio del portal de Internet (en adelante, el &#8216;Portal&#8217;) que AUTOMOVILES JUAN CALPE, S.L.U. (en adelante, AUTOMOVILES JUAN) pone a disposici\u00f3n de los usuarios de Internet. AUTOMOVILES JUAN CALPE, S.L.U. con domicilio social en Avd. Diputaci\u00f3n, 18 de 03710-CALPE (Alicante) y C.I.F. [...]","og_url":"https:\/\/www.vivacars.es\/de\/seguridad-proteccion-a-compradores\/","og_site_name":"Viva Cars Autovermietung","article_modified_time":"2019-09-27T22:36:42+00:00","twitter_card":"summary_large_image","twitter_misc":{"Tiempo de lectura":"11 minutos"},"schema":{"@context":"https:\/\/schema.org","@graph":[{"@type":"WebPage","@id":"https:\/\/www.vivacars.es\/de\/seguridad-proteccion-a-compradores\/","url":"https:\/\/www.vivacars.es\/de\/seguridad-proteccion-a-compradores\/","name":"Seguridad protecci\u00f3n a compradores - Viva Cars Autovermietung","isPartOf":{"@id":"https:\/\/www.vivacars.es\/de\/#website"},"datePublished":"2019-06-19T16:14:25+00:00","dateModified":"2019-09-27T22:36:42+00:00","breadcrumb":{"@id":"https:\/\/www.vivacars.es\/de\/seguridad-proteccion-a-compradores\/#breadcrumb"},"inLanguage":"es","potentialAction":[{"@type":"ReadAction","target":["https:\/\/www.vivacars.es\/de\/seguridad-proteccion-a-compradores\/"]}]},{"@type":"BreadcrumbList","@id":"https:\/\/www.vivacars.es\/de\/seguridad-proteccion-a-compradores\/#breadcrumb","itemListElement":[{"@type":"ListItem","position":1,"name":"Portada","item":"https:\/\/www.vivacars.es\/de\/"},{"@type":"ListItem","position":2,"name":"Seguridad protecci\u00f3n a compradores"}]},{"@type":"WebSite","@id":"https:\/\/www.vivacars.es\/de\/#website","url":"https:\/\/www.vivacars.es\/de\/","name":"Viva Cars Autovermietung","description":"Viva Cars","potentialAction":[{"@type":"SearchAction","target":{"@type":"EntryPoint","urlTemplate":"https:\/\/www.vivacars.es\/de\/?s={search_term_string}"},"query-input":{"@type":"PropertyValueSpecification","valueRequired":true,"valueName":"search_term_string"}}],"inLanguage":"es"}]}},"_links":{"self":[{"href":"https:\/\/www.vivacars.es\/de\/wp-json\/wp\/v2\/pages\/11935","targetHints":{"allow":["GET"]}}],"collection":[{"href":"https:\/\/www.vivacars.es\/de\/wp-json\/wp\/v2\/pages"}],"about":[{"href":"https:\/\/www.vivacars.es\/de\/wp-json\/wp\/v2\/types\/page"}],"author":[{"embeddable":true,"href":"https:\/\/www.vivacars.es\/de\/wp-json\/wp\/v2\/users\/1"}],"replies":[{"embeddable":true,"href":"https:\/\/www.vivacars.es\/de\/wp-json\/wp\/v2\/comments?post=11935"}],"version-history":[{"count":0,"href":"https:\/\/www.vivacars.es\/de\/wp-json\/wp\/v2\/pages\/11935\/revisions"}],"wp:attachment":[{"href":"https:\/\/www.vivacars.es\/de\/wp-json\/wp\/v2\/media?parent=11935"}],"curies":[{"name":"wp","href":"https:\/\/api.w.org\/{rel}","templated":true}]}}