{"id":11933,"date":"2019-06-19T16:13:27","date_gmt":"2019-06-19T16:13:27","guid":{"rendered":"https:\/\/www.vivacars.es\/de\/?page_id=11933"},"modified":"2026-02-05T10:59:48","modified_gmt":"2026-02-05T10:59:48","slug":"cancelaciones-devoluciones-o-modificaciones-de-su-reserva","status":"publish","type":"page","link":"https:\/\/www.vivacars.es\/de\/cancelaciones-devoluciones-o-modificaciones-de-su-reserva\/","title":{"rendered":"Cancelaciones, devoluciones o modificaciones de su reserva"},"content":{"rendered":"<h1>Viva Cars<\/h1>\n<p>Die Reservierung kann beliebig oft ge\u00e4ndert werden. Je nach Art der gew\u00fcnschten \u00c4nderung k\u00f6nnen zus\u00e4tzliche Geb\u00fchren anfallen. \u2022 Verl\u00e4ngerungen: Das Fahrzeug muss zum vereinbarten Datum und zur vereinbarten Uhrzeit an die im Vertrag angegebene Niederlassung geliefert werden. Ben\u00f6tigen Sie ein Fahrzeug f\u00fcr einen l\u00e4ngeren Zeitraum, ist eine neue Reservierung mit Zahlung des entsprechenden Preises und eventueller Zusatzkosten erforderlich. Sie m\u00fcssen au\u00dferdem pers\u00f6nlich in der Niederlassung von AUTOMOVILES JUAN \u2013 VIVA CARS erscheinen, um den neuen Vertrag zu unterzeichnen.<\/p>\n<p>Vertr\u00e4ge k\u00f6nnen nicht telefonisch oder auf anderem elektronischem Wege verl\u00e4ngert werden. Kann aufgrund fehlender Fahrzeuge oder aus anderen Gr\u00fcnden keine neue Reservierung vorgenommen werden, muss das Fahrzeug zum vereinbarten Datum und zur vereinbarten Uhrzeit an die im Vertrag angegebene Niederlassung zur\u00fcckgegeben werden. Bei nicht ordnungsgem\u00e4\u00dfer R\u00fcckgabe k\u00f6nnen zus\u00e4tzliche Geb\u00fchren anfallen.<\/p>\n","protected":false},"excerpt":{"rendered":"<p>Viva Cars Die Reservierung kann beliebig oft ge\u00e4ndert werden. Je nach Art der gew\u00fcnschten \u00c4nderung k\u00f6nnen zus\u00e4tzliche Geb\u00fchren anfallen. \u2022 Verl\u00e4ngerungen: Das Fahrzeug muss zum vereinbarten Datum und zur vereinbarten Uhrzeit an die im Vertrag angegebene Niederlassung geliefert werden. Ben\u00f6tigen Sie ein Fahrzeug f\u00fcr einen l\u00e4ngeren Zeitraum, ist eine neue Reservierung mit Zahlung des entsprechenden Preises  [&#8230;]<\/p>\n","protected":false},"author":1,"featured_media":0,"parent":0,"menu_order":0,"comment_status":"closed","ping_status":"closed","template":"","meta":{"_joinchat":[],"footnotes":""},"class_list":["post-11933","page","type-page","status-publish","hentry"],"yoast_head":"<!-- This site is optimized with the Yoast SEO plugin v27.4 - https:\/\/yoast.com\/product\/yoast-seo-wordpress\/ -->\n<title>Cancelaciones, devoluciones o modificaciones de su reserva - Viva Cars Autovermietung<\/title>\n<meta name=\"robots\" content=\"index, follow, max-snippet:-1, max-image-preview:large, max-video-preview:-1\" \/>\n<link rel=\"canonical\" href=\"https:\/\/www.vivacars.es\/de\/cancelaciones-devoluciones-o-modificaciones-de-su-reserva\/\" \/>\n<meta property=\"og:locale\" content=\"es_ES\" \/>\n<meta property=\"og:type\" content=\"article\" \/>\n<meta property=\"og:title\" content=\"Cancelaciones, devoluciones o modificaciones de su reserva - Viva Cars Autovermietung\" \/>\n<meta property=\"og:description\" content=\"Viva Cars Die Reservierung kann beliebig oft ge\u00e4ndert werden. Je nach Art der gew\u00fcnschten \u00c4nderung k\u00f6nnen zus\u00e4tzliche Geb\u00fchren anfallen. \u2022 Verl\u00e4ngerungen: Das Fahrzeug muss zum vereinbarten Datum und zur vereinbarten Uhrzeit an die im Vertrag angegebene Niederlassung geliefert werden. Ben\u00f6tigen Sie ein Fahrzeug f\u00fcr einen l\u00e4ngeren Zeitraum, ist eine neue Reservierung mit Zahlung des entsprechenden Preises [...]\" \/>\n<meta property=\"og:url\" content=\"https:\/\/www.vivacars.es\/de\/cancelaciones-devoluciones-o-modificaciones-de-su-reserva\/\" \/>\n<meta property=\"og:site_name\" content=\"Viva Cars Autovermietung\" \/>\n<meta property=\"article:modified_time\" content=\"2026-02-05T10:59:48+00:00\" \/>\n<meta name=\"twitter:card\" content=\"summary_large_image\" \/>\n<meta name=\"twitter:label1\" content=\"Tiempo de lectura\" \/>\n\t<meta name=\"twitter:data1\" content=\"1 minuto\" \/>\n<script type=\"application\/ld+json\" class=\"yoast-schema-graph\">{\"@context\":\"https:\\\/\\\/schema.org\",\"@graph\":[{\"@type\":\"WebPage\",\"@id\":\"https:\\\/\\\/www.vivacars.es\\\/de\\\/cancelaciones-devoluciones-o-modificaciones-de-su-reserva\\\/\",\"url\":\"https:\\\/\\\/www.vivacars.es\\\/de\\\/cancelaciones-devoluciones-o-modificaciones-de-su-reserva\\\/\",\"name\":\"Cancelaciones, devoluciones o modificaciones de su reserva - Viva Cars Autovermietung\",\"isPartOf\":{\"@id\":\"https:\\\/\\\/www.vivacars.es\\\/de\\\/#website\"},\"datePublished\":\"2019-06-19T16:13:27+00:00\",\"dateModified\":\"2026-02-05T10:59:48+00:00\",\"breadcrumb\":{\"@id\":\"https:\\\/\\\/www.vivacars.es\\\/de\\\/cancelaciones-devoluciones-o-modificaciones-de-su-reserva\\\/#breadcrumb\"},\"inLanguage\":\"es\",\"potentialAction\":[{\"@type\":\"ReadAction\",\"target\":[\"https:\\\/\\\/www.vivacars.es\\\/de\\\/cancelaciones-devoluciones-o-modificaciones-de-su-reserva\\\/\"]}]},{\"@type\":\"BreadcrumbList\",\"@id\":\"https:\\\/\\\/www.vivacars.es\\\/de\\\/cancelaciones-devoluciones-o-modificaciones-de-su-reserva\\\/#breadcrumb\",\"itemListElement\":[{\"@type\":\"ListItem\",\"position\":1,\"name\":\"Portada\",\"item\":\"https:\\\/\\\/www.vivacars.es\\\/de\\\/\"},{\"@type\":\"ListItem\",\"position\":2,\"name\":\"Cancelaciones, devoluciones o modificaciones de su reserva\"}]},{\"@type\":\"WebSite\",\"@id\":\"https:\\\/\\\/www.vivacars.es\\\/de\\\/#website\",\"url\":\"https:\\\/\\\/www.vivacars.es\\\/de\\\/\",\"name\":\"Viva Cars Autovermietung\",\"description\":\"Viva Cars\",\"potentialAction\":[{\"@type\":\"SearchAction\",\"target\":{\"@type\":\"EntryPoint\",\"urlTemplate\":\"https:\\\/\\\/www.vivacars.es\\\/de\\\/?s={search_term_string}\"},\"query-input\":{\"@type\":\"PropertyValueSpecification\",\"valueRequired\":true,\"valueName\":\"search_term_string\"}}],\"inLanguage\":\"es\"}]}<\/script>\n<!-- \/ Yoast SEO plugin. -->","yoast_head_json":{"title":"Cancelaciones, devoluciones o modificaciones de su reserva - Viva Cars Autovermietung","robots":{"index":"index","follow":"follow","max-snippet":"max-snippet:-1","max-image-preview":"max-image-preview:large","max-video-preview":"max-video-preview:-1"},"canonical":"https:\/\/www.vivacars.es\/de\/cancelaciones-devoluciones-o-modificaciones-de-su-reserva\/","og_locale":"es_ES","og_type":"article","og_title":"Cancelaciones, devoluciones o modificaciones de su reserva - Viva Cars Autovermietung","og_description":"Viva Cars Die Reservierung kann beliebig oft ge\u00e4ndert werden. Je nach Art der gew\u00fcnschten \u00c4nderung k\u00f6nnen zus\u00e4tzliche Geb\u00fchren anfallen. \u2022 Verl\u00e4ngerungen: Das Fahrzeug muss zum vereinbarten Datum und zur vereinbarten Uhrzeit an die im Vertrag angegebene Niederlassung geliefert werden. Ben\u00f6tigen Sie ein Fahrzeug f\u00fcr einen l\u00e4ngeren Zeitraum, ist eine neue Reservierung mit Zahlung des entsprechenden Preises [...]","og_url":"https:\/\/www.vivacars.es\/de\/cancelaciones-devoluciones-o-modificaciones-de-su-reserva\/","og_site_name":"Viva Cars Autovermietung","article_modified_time":"2026-02-05T10:59:48+00:00","twitter_card":"summary_large_image","twitter_misc":{"Tiempo de lectura":"1 minuto"},"schema":{"@context":"https:\/\/schema.org","@graph":[{"@type":"WebPage","@id":"https:\/\/www.vivacars.es\/de\/cancelaciones-devoluciones-o-modificaciones-de-su-reserva\/","url":"https:\/\/www.vivacars.es\/de\/cancelaciones-devoluciones-o-modificaciones-de-su-reserva\/","name":"Cancelaciones, devoluciones o modificaciones de su reserva - Viva Cars Autovermietung","isPartOf":{"@id":"https:\/\/www.vivacars.es\/de\/#website"},"datePublished":"2019-06-19T16:13:27+00:00","dateModified":"2026-02-05T10:59:48+00:00","breadcrumb":{"@id":"https:\/\/www.vivacars.es\/de\/cancelaciones-devoluciones-o-modificaciones-de-su-reserva\/#breadcrumb"},"inLanguage":"es","potentialAction":[{"@type":"ReadAction","target":["https:\/\/www.vivacars.es\/de\/cancelaciones-devoluciones-o-modificaciones-de-su-reserva\/"]}]},{"@type":"BreadcrumbList","@id":"https:\/\/www.vivacars.es\/de\/cancelaciones-devoluciones-o-modificaciones-de-su-reserva\/#breadcrumb","itemListElement":[{"@type":"ListItem","position":1,"name":"Portada","item":"https:\/\/www.vivacars.es\/de\/"},{"@type":"ListItem","position":2,"name":"Cancelaciones, devoluciones o modificaciones de su reserva"}]},{"@type":"WebSite","@id":"https:\/\/www.vivacars.es\/de\/#website","url":"https:\/\/www.vivacars.es\/de\/","name":"Viva Cars Autovermietung","description":"Viva Cars","potentialAction":[{"@type":"SearchAction","target":{"@type":"EntryPoint","urlTemplate":"https:\/\/www.vivacars.es\/de\/?s={search_term_string}"},"query-input":{"@type":"PropertyValueSpecification","valueRequired":true,"valueName":"search_term_string"}}],"inLanguage":"es"}]}},"_links":{"self":[{"href":"https:\/\/www.vivacars.es\/de\/wp-json\/wp\/v2\/pages\/11933","targetHints":{"allow":["GET"]}}],"collection":[{"href":"https:\/\/www.vivacars.es\/de\/wp-json\/wp\/v2\/pages"}],"about":[{"href":"https:\/\/www.vivacars.es\/de\/wp-json\/wp\/v2\/types\/page"}],"author":[{"embeddable":true,"href":"https:\/\/www.vivacars.es\/de\/wp-json\/wp\/v2\/users\/1"}],"replies":[{"embeddable":true,"href":"https:\/\/www.vivacars.es\/de\/wp-json\/wp\/v2\/comments?post=11933"}],"version-history":[{"count":1,"href":"https:\/\/www.vivacars.es\/de\/wp-json\/wp\/v2\/pages\/11933\/revisions"}],"predecessor-version":[{"id":12243,"href":"https:\/\/www.vivacars.es\/de\/wp-json\/wp\/v2\/pages\/11933\/revisions\/12243"}],"wp:attachment":[{"href":"https:\/\/www.vivacars.es\/de\/wp-json\/wp\/v2\/media?parent=11933"}],"curies":[{"name":"wp","href":"https:\/\/api.w.org\/{rel}","templated":true}]}}